{"id":151,"date":"2023-03-22T11:36:28","date_gmt":"2023-03-22T11:36:28","guid":{"rendered":"https:\/\/cbb.org.rs\/?page_id=151"},"modified":"2023-03-22T15:08:27","modified_gmt":"2023-03-22T15:08:27","slug":"hor-ceske-besede-beograd","status":"publish","type":"page","link":"https:\/\/cbb.org.rs\/?page_id=151","title":{"rendered":"Hor \u010ce\u0161ke besede Beograd"},"content":{"rendered":"\n<p>Dirigent: Marko Ne\u0161i\u0107<\/p>\n\n\n<div class=\"wp-block-image\">\n<figure class=\"alignleft size-full is-resized\"><img loading=\"lazy\" decoding=\"async\" src=\"https:\/\/cbb.org.rs\/wp-content\/uploads\/2023\/03\/Marko-Nesic-mala.jpg\" alt=\"\" class=\"wp-image-154\" width=\"205\" height=\"286\" srcset=\"https:\/\/cbb.org.rs\/wp-content\/uploads\/2023\/03\/Marko-Nesic-mala.jpg 311w, https:\/\/cbb.org.rs\/wp-content\/uploads\/2023\/03\/Marko-Nesic-mala-251x350.jpg 251w\" sizes=\"auto, (max-width: 205px) 100vw, 205px\" \/><\/figure>\n<\/div>\n\n\n<p>Marko Ne\u0161i\u0107 je zavr\u0161io ni\u017eu i srednju muzi\u010dku \u0161kolu u Kragujevcu i svira \u010detiri instrumenta:<br>klavir, violinu, violu i trubu. Sa 16 godina upisao fakultet kao najmla\u0111i student dirigovanja u<br>Jugoslaviji. Diplomirao je i zavr\u0161io master studije na Fakultetu muzi\u010dke umetnosti u<br>Beogradu u klasi prof. Jovana \u0160ajnovi\u0107a. Odsek za kompoziciju je upisao na Fakultetu<br>umetnosti u Zve\u010danu u klasi prof. Vojne Ne\u0161i\u0107. 1993. godine u Kragujevcu osniva Me\u0161oviti<br>hor \u201eKir Stefan Srbin\u201c sa kojim nastupa \u0161irom zemlje, ostv\u0430ruju\u0107i niz celove\u010dernjih<br>koncerata i nastupa, a koncertnu turneju ostvaruje i u: Gr\u010dkoj, Ma\u0111arskoj, \u010ce\u0161koj\u2026 1998.<br>osniva i Mu\u0161ki vokalni ansambl \u201eKir Stefan\u201c, tako\u0111e u Kragujevcu u kojem diriguje i peva.<br>Sa njim je ostvario vi\u0161e koncerata u najpresti\u017enijim dvoranama u Srbiji: Galeriji fresaka,<br>Atrijumu Narodnog muzeja, Kolar\u010devom narodnom univerzitetu &#8211; velika sala (u Beogradu),<br>Sinagogi u Novom Sadu, Gradskoj ku\u0107i u Subotici i Zrenjaninu, u Kragujevcu, kao i na<br>Banjalu\u010dkom letnjem festivalu u velikoj ba\u0161ti tvr\u0111ave Kastel. Predavao je u Muzi\u010dkoj \u0161koli<br>\u201eStankovi\u0107\u201c u Beogradu i \u201cMokranjac\u201d u Kraljevu, vode\u0107i hor i orkestar.<\/p>\n\n\n\n<p class=\"has-text-align-left\">U svom umetni\u010dkom radu Marko Ne\u0161i\u0107 je ostvario preko 30 nagrada sa ansamblima koje je vodio. Odabrane nagrade: \u201e5 najboljih\u201c (kao apsolvent na Beogradskom univerzitetu), \u201enajuspe\u0161niji dirigent\u201c &#8211; Festival omladinskih horova Srbije &#8211; Novi Pazar (plakete i nov\u010dane nagrade), Dva Grand Prix-a \u201eMajske horske sve\u010danosti\u201c &#8211; Bijeljina, dve nagrade \u201eYouth for Peace and Justice\u201c svetske horske federacija (IFCM) iz \u0160vedske\u2026 Dobitnik je stipendije Bavarske muzi\u010dke akademije u Marktoberdorfu (Nema\u010dka). Stru\u010dno se usavr\u0161avao kod 13 istaknutih dirigenata i kompozitora u Nema\u010dkoj i Ma\u0111arskoj.<br>Bio je \u010dlan \u017eirija u vi\u0161e takmi\u010denja u zemlji u disciplinama: hor, orkestar, kamerna muzika, kompozicija. Izlagao je na nekoliko me\u0111unarodnih skupova i simpozijuma u zemlji, kao i u Italiji na internacionalnoj konferenciji Women In Music United Strategies for Talents 2013 (WIMUST) u Fju\u0111iju. \u010clan je vi\u0161e udru\u017eenja: Women in Music, Serbia; Europa Cantat, Germany; Conductors Guild, USA; Women in Jazz, USA; Donne in musica, Italia\u2026<\/p>\n","protected":false},"excerpt":{"rendered":"<p>Dirigent: Marko Ne\u0161i\u0107 Marko Ne\u0161i\u0107 je zavr\u0161io ni\u017eu i srednju muzi\u010dku \u0161kolu u Kragujevcu i svira \u010detiri instrumenta:klavir, violinu, violu i trubu. Sa 16 godina upisao fakultet kao najmla\u0111i student dirigovanja uJugoslaviji. Diplomirao je i zavr\u0161io master studije na Fakultetu muzi\u010dke umetnosti uBeogradu u klasi prof. Jovana \u0160ajnovi\u0107a. Odsek za &hellip;<\/p>\n","protected":false},"author":1,"featured_media":0,"parent":0,"menu_order":0,"comment_status":"closed","ping_status":"closed","template":"","meta":{"ngg_post_thumbnail":0,"footnotes":""},"class_list":["post-151","page","type-page","status-publish","hentry"],"_links":{"self":[{"href":"https:\/\/cbb.org.rs\/index.php?rest_route=\/wp\/v2\/pages\/151","targetHints":{"allow":["GET"]}}],"collection":[{"href":"https:\/\/cbb.org.rs\/index.php?rest_route=\/wp\/v2\/pages"}],"about":[{"href":"https:\/\/cbb.org.rs\/index.php?rest_route=\/wp\/v2\/types\/page"}],"author":[{"embeddable":true,"href":"https:\/\/cbb.org.rs\/index.php?rest_route=\/wp\/v2\/users\/1"}],"replies":[{"embeddable":true,"href":"https:\/\/cbb.org.rs\/index.php?rest_route=%2Fwp%2Fv2%2Fcomments&post=151"}],"version-history":[{"count":5,"href":"https:\/\/cbb.org.rs\/index.php?rest_route=\/wp\/v2\/pages\/151\/revisions"}],"predecessor-version":[{"id":162,"href":"https:\/\/cbb.org.rs\/index.php?rest_route=\/wp\/v2\/pages\/151\/revisions\/162"}],"wp:attachment":[{"href":"https:\/\/cbb.org.rs\/index.php?rest_route=%2Fwp%2Fv2%2Fmedia&parent=151"}],"curies":[{"name":"wp","href":"https:\/\/api.w.org\/{rel}","templated":true}]}}