{"id":56,"date":"2020-10-24T20:25:39","date_gmt":"2020-10-24T20:25:39","guid":{"rendered":"https:\/\/cbb.org.rs\/?page_id=56"},"modified":"2020-10-24T20:25:41","modified_gmt":"2020-10-24T20:25:41","slug":"program","status":"publish","type":"page","link":"https:\/\/cbb.org.rs\/?page_id=56","title":{"rendered":"Program"},"content":{"rendered":"\n<p>PRAVIDELN\u00c9 AKTIVITY SPOLKU pro v\u0161echny \u010dleny spolku jsou: \/ REDOVNE AKTIVNOSTI UDRU\u017dENJA za sve \u010dlanove udru\u017eenja su:<\/p>\n\n\n\n<p>Svaki <span style=\"text-decoration: underline;\">parni \u010detvrtak <\/span>(tj. svaki \u010detvrtak parne nedelje u godini): od 17h (najkra\u0107e do 18h): Pivo u 5 (dru\u017eenje \u010dlanova)<br>\/u letnjim mesecima u julu u avgustu, sastanci su po pravilu od 18h\/<\/p>\n\n\n\n<p><span style=\"text-decoration: underline;\">Jedan neparni \u010detvrtak mese\u010dno<\/span>: 17:30-19 &#8211; konverzacija na \u010de\u0161kom jeziku (posle kra\u0107eg uvoda na odre\u0111enu temu, prisutni razgovaraju <strong>isklju\u010divo na \u010de\u0161kom <\/strong>, eventualno na nekom drugom jeziku \u2013 kako bi odr\u017eavali svoje znanje \u010de\u0161kog jezika)<br>[ta\u010dni termini konverzacija se odre\u0111uju u kvartalnim programima]<br>NAPOMENA: Ova aktivnost je privremeno obustavljena od kraja 2019. godine; tra\u017ei se koordinator ove aktivnosti (potrebno dobro znanje \u010de\u0161kog jezika) <\/p>\n\n\n\n<p>Svaki <span style=\"text-decoration: underline;\">poslednji \u010detvrtak u mesecu<\/span> (bilo parne ili neparne nedelje): Filmsko ve\u010de (\u010de\u0161ki film, bez titla)<br>[filmovi koji \u0107e se pu\u0161tati se objavljuju u kvartalnim programima]<\/p>\n\n\n\n<p>Pored ovih aktivnosti, redovno se odr\u017eavaju i <span style=\"text-decoration: underline;\">kursevi \u010de\u0161kog jezika<\/span> <span style=\"text-decoration: underline;\">za decu<\/span> i <span style=\"text-decoration: underline;\">odrasle<\/span> (za po\u010detnike i naprednije grupe, kao i kurs stru\u010dnog \u010de\u0161kog &#8211; za medicinare), kao i probe <span style=\"text-decoration: underline;\">\u010ce\u0161kog pozori\u0161ta<\/span> i <span style=\"text-decoration: underline;\">\u010ce\u0161ko-srpskog hora<\/span><\/p>\n\n\n\n<p>Pored redovnih aktivnosti organizuju se i <span style=\"text-decoration: underline;\">predavanja i tribine<\/span> (O znamentim \u010cesima, o \u010cesima u Srbiji, prilikom prigodnih datuma i dr.), kao i <span style=\"text-decoration: underline;\">obele\u017eavanje praznika<\/span> (npr. , obele\u017eavanje ro\u0111endana T. G Masarika 7. marta, Uskrs  &#8211; nedelja mart-april, Sv. Mikul\u00e1\u0161 &#8211; oko 6. decembra, zajedni\u010dki tradicionalni odlazak na pono\u0107nu bo\u017ei\u0107nu misu 24. decembra), <span style=\"text-decoration: underline;\">radionice za decu<\/span> pred ove praznike, kao i <span style=\"text-decoration: underline;\">posete manifestacijama<\/span> koje organizuju druga \u010de\u0161ka udru\u017eenja u Srbiji, i <span style=\"text-decoration: underline;\">ekskurzije \u201cTragovima \u010ceha u Srbiji\u201d<\/span> &#8211; po mestima na kojima su \u010cesi ostavili svoj trag. <\/p>\n\n\n\n<p>Konkretniji planovi aktivnosti se objavljuju u kvartalnim planovima, za po 3 meseca, koji se objavljuju u &#8216;\u010dlancima&#8217; sajtu \u010cBB (ranije u u bele\u0161kama \/notes\/ na FB \u010cBB), a \u010dlanovima se \u0161alju mailom, preko Viber grupe a u \u0161tampanom obliku mogu ih mogu preuzeti i u prostorijama udru\u017eenja.<\/p>\n","protected":false},"excerpt":{"rendered":"<p>PRAVIDELN\u00c9 AKTIVITY SPOLKU pro v\u0161echny \u010dleny spolku jsou: \/ REDOVNE AKTIVNOSTI UDRU\u017dENJA za sve \u010dlanove udru\u017eenja su: Svaki parni \u010detvrtak (tj. svaki \u010detvrtak parne nedelje u godini): od 17h (najkra\u0107e do 18h): Pivo u 5 (dru\u017eenje \u010dlanova)\/u letnjim mesecima u julu u avgustu, sastanci su po pravilu od 18h\/ Jedan &hellip;<\/p>\n","protected":false},"author":2,"featured_media":0,"parent":0,"menu_order":0,"comment_status":"closed","ping_status":"closed","template":"","meta":{"ngg_post_thumbnail":0,"footnotes":""},"class_list":["post-56","page","type-page","status-publish","hentry"],"_links":{"self":[{"href":"https:\/\/cbb.org.rs\/index.php?rest_route=\/wp\/v2\/pages\/56","targetHints":{"allow":["GET"]}}],"collection":[{"href":"https:\/\/cbb.org.rs\/index.php?rest_route=\/wp\/v2\/pages"}],"about":[{"href":"https:\/\/cbb.org.rs\/index.php?rest_route=\/wp\/v2\/types\/page"}],"author":[{"embeddable":true,"href":"https:\/\/cbb.org.rs\/index.php?rest_route=\/wp\/v2\/users\/2"}],"replies":[{"embeddable":true,"href":"https:\/\/cbb.org.rs\/index.php?rest_route=%2Fwp%2Fv2%2Fcomments&post=56"}],"version-history":[{"count":1,"href":"https:\/\/cbb.org.rs\/index.php?rest_route=\/wp\/v2\/pages\/56\/revisions"}],"predecessor-version":[{"id":58,"href":"https:\/\/cbb.org.rs\/index.php?rest_route=\/wp\/v2\/pages\/56\/revisions\/58"}],"wp:attachment":[{"href":"https:\/\/cbb.org.rs\/index.php?rest_route=%2Fwp%2Fv2%2Fmedia&parent=56"}],"curies":[{"name":"wp","href":"https:\/\/api.w.org\/{rel}","templated":true}]}}