{"id":62,"date":"2020-10-25T20:35:41","date_gmt":"2020-10-25T20:35:41","guid":{"rendered":"https:\/\/cbb.org.rs\/?page_id=62"},"modified":"2020-10-25T20:36:43","modified_gmt":"2020-10-25T20:36:43","slug":"transkripcija-sa-ceskog-na-srpski","status":"publish","type":"page","link":"https:\/\/cbb.org.rs\/?page_id=62","title":{"rendered":"Transkripcija sa \u010de\u0161kog na srpski"},"content":{"rendered":"\n<p>U pisanju tu\u0111ih vlastitih imena i izraza u standardnom <a href=\"https:\/\/sr.wikipedia.org\/wiki\/%D0%A1%D1%80%D0%BF%D1%81%D0%BA%D0%B8_%D1%98%D0%B5%D0%B7%D0%B8%D0%BA?fbclid=IwAR3ikX2S9LtmLRlyl5JJKC3gnlqZyyGyA2FfpUTPu3_fn6KzsNJXz7sc2eM\" target=\"_blank\" rel=\"noreferrer noopener\">srpskom jeziku<\/a> primenjuju se dva postupka \u2014 prilago\u0111eno pisanje (primenjivo i u <a href=\"https:\/\/sr.wikipedia.org\/wiki\/%D0%8B%D0%B8%D1%80%D0%B8%D0%BB%D0%B8%D1%86%D0%B0?fbclid=IwAR3smoJYXQHuhuhHktW1TO9ygxAN9c5VO48QKJZaRjYjtH-s3ka1Hid88Qg\" target=\"_blank\" rel=\"noreferrer noopener\">\u0107irilici<\/a> i u <a href=\"https:\/\/sr.wikipedia.org\/wiki\/%D0%9B%D0%B0%D1%82%D0%B8%D0%BD%D0%B8%D1%86%D0%B0?fbclid=IwAR2Wo5mkyqiFPG-ku3eKn7FGi-F2u95SBuZvzGUGy3W_g-mV_dDH2vbyqVA\" target=\"_blank\" rel=\"noreferrer noopener\">latinici<\/a>) i izvorno pisanje (primenjivo samo u latinici). Transkripcija (prilago\u0111eno pisanje) predstavlja preno\u0161enje pisanim simbolima zvukova iz jednog <a href=\"https:\/\/sr.wikipedia.org\/wiki\/%D0%88%D0%B5%D0%B7%D0%B8%D0%BA?fbclid=IwAR1Wx2ABUjn-Ck5WJQP1nKoVfZzgyDswB2WSMXc40o_DY2RRTeFFLEZUnQI\" target=\"_blank\" rel=\"noreferrer noopener\">jezika<\/a> u drugi . Promena sistema zapisa je <a href=\"https:\/\/l.facebook.com\/l.php?u=https%3A%2F%2Fsr.wikipedia.org%2Fwiki%2F%25D0%259F%25D1%2580%25D0%25B5%25D1%2581%25D0%25BB%25D0%25BE%25D0%25B2%25D1%2599%25D0%25B0%25D0%25B2%25D0%25B0%25D1%259A%25D0%25B5%3Ffbclid%3DIwAR3civBACw77o2pTasUpovgYF6eILvwaoIm8PrctpJ7D17brV_S0tp3OAIo&amp;h=AT2UNQslluh9tpuSeWgdPVcssqyKg6pNaOfuhgsF9L6LFla5tlGis5YjeWbVZRryxNUbx1otyzMJZ6z_FRQ3dvsJxNCZ2wl0qJLIBeUCGVSwZeANzmXXPCjJ-t47dlb2XMc\" target=\"_blank\" rel=\"noreferrer noopener\">preslovljavanje<\/a>. Tj. to je prilago\u0111eno pisanje izraza koji su strani jeziku u koji se prenose (transkribuje). U savremenoj lingvistici, razlikuju se dva na\u010dina transkripcije:<br>&#8211; Glasovna transkripcija predstavlja prenos glasovima jezika u koji se transkribuje najsli\u010dnijim onima u jeziku iz koga se transkribuje.<br>&#8211; Pravopisna transkripcija predstavlja prenos prema prethodno odre\u0111enim transkripcionim pravilima i najve\u0107im delom je zasnovana na prvoj. <em><br>Za vi\u0161e informacija pro\u010ditajte \u010dlanak na srpskoj vikipedi<\/em><a href=\"https:\/\/l.facebook.com\/l.php?u=https%3A%2F%2Fsr.wikipedia.org%2Fsr-el%2F%25D0%25A2%25D1%2580%25D0%25B0%25D0%25BD%25D1%2581%25D0%25BA%25D1%2580%25D0%25B8%25D0%25BF%25D1%2586%25D0%25B8%25D1%2598%25D0%25B0%3Ffbclid%3DIwAR05OMTUfWb3DXSsl3lE2Pf624wMoYdmwlWPzaLuUw4WmTn3vE-HWKUogUk&amp;h=AT1EsDEd-F5aHvqK1F0fkgm450UOrjfDMfAIBWYKyKxLvh9O4wvq1zSQUvzdkUnueyB2zY09R9QIvGTARmUiivr_lcX1OUU-eIOnfQAc_e4DCfYe56V6To7ha0RtTZDB8dPR_wamYoWm-3JC\" target=\"_blank\" rel=\"noreferrer noopener\"><em>j<\/em><\/a><em>i T<\/em><a href=\"https:\/\/l.facebook.com\/l.php?u=https%3A%2F%2Fsr.wikipedia.org%2Fsr-el%2F%25D0%259F%25D1%2580%25D0%25B0%25D0%25B2%25D0%25BE%25D0%25BF%25D0%25B8%25D1%2581%25D0%25BD%25D0%25B0_%25D1%2582%25D1%2580%25D0%25B0%25D0%25BD%25D1%2581%25D0%25BA%25D1%2580%25D0%25B8%25D0%25BF%25D1%2586%25D0%25B8%25D1%2598%25D0%25B0%3Ffbclid%3DIwAR3nZ9_pUuHylQKQUVOMdivx9mL31hYp4pFYhPEExn8mIji9srBcm0fOfBo&amp;h=AT1R6qCYL7aGPA5YzYtKFrhPgHtOmXr7DW-H8_LjzDkW_9-ykPkmT0boGhjaKytq88ZScYOKWs03kkmzAc6JE0Xet6sHEpEy83geRzy2IvBOV-FZGpRGHo5WwAqWXvGITR0\" target=\"_blank\" rel=\"noreferrer noopener\"><em>ranskripcija<\/em><\/a><em>. <\/em>Pravopisna transkripcija (jo\u0161 nazivana i ortografska ili prakti\u010dna) je prilago\u0111eno preno\u0161enje glasova iz jednog jezika u drugi, to jest, prilago\u0111eno pisanje li\u010dnih imena i geografskih odrednica tj. toponima (nazivi naselja, reka i sl.) a re\u0111e i op\u0161tih imenica iz stranog jezika, pri \u010demu se zapisivanje takvih imena simbolima ciljnog jezika vr\u0161i prema pravilima koja su normirana Pravopisom.<br>Regulatorno telo za srpski jezik, koje se izme\u0111u ostalog bavi transkripcijom, jeste <a href=\"https:\/\/l.facebook.com\/l.php?u=https%3A%2F%2Fsr.wikipedia.org%2Fwiki%2F%25D0%259E%25D0%25B4%25D0%25B1%25D0%25BE%25D1%2580_%25D0%25B7%25D0%25B0_%25D1%2581%25D1%2582%25D0%25B0%25D0%25BD%25D0%25B4%25D0%25B0%25D1%2580%25D0%25B4%25D0%25B8%25D0%25B7%25D0%25B0%25D1%2586%25D0%25B8%25D1%2598%25D1%2583_%25D1%2581%25D1%2580%25D0%25BF%25D1%2581%25D0%25BA%25D0%25BE%25D0%25B3_%25D1%2598%25D0%25B5%25D0%25B7%25D0%25B8%25D0%25BA%25D0%25B0%3Ffbclid%3DIwAR3SilNfZe6mkGSoKLr6GHE6y5SRxjBf5ojwH9xGCc1VBJkIDVzp_k4mhYY&amp;h=AT3sjdhkWWVD_ExmprzXFg82W99QAqyZEoKMTUEcvI1Qu3I8ePZZXWZAL4-AO-puhf30qO3ZB3ydGwdoOYDDDDMVINpsWcNkolnImgJ6vcgy45v3T9CI3v3G-FUSIDImD9E\" target=\"_blank\" rel=\"noreferrer noopener\">Odbor za standardizaciju srpskog jezika<\/a>, kako kroz neposredno pru\u017eanje pomo\u0107i, tako i kroz <a href=\"https:\/\/sr.wikipedia.org\/wiki\/%D0%9F%D1%80%D0%B0%D0%B2%D0%BE%D0%BF%D0%B8%D1%81_%D1%81%D1%80%D0%BF%D1%81%D0%BA%D0%BE%D0%B3%D0%B0_%D1%98%D0%B5%D0%B7%D0%B8%D0%BA%D0%B0?fbclid=IwAR3Tmo3gsDQN2Onk5jmxGzcnzEtT-L4GJnFXGd_6-i_WbPtWcxaEkp-PiD4\" target=\"_blank\" rel=\"noreferrer noopener\"><em>Pravopis srpskoga jezika<\/em><\/a> u izdanju <a href=\"https:\/\/l.facebook.com\/l.php?u=https%3A%2F%2Fsr.wikipedia.org%2Fwiki%2F%25D0%259C%25D0%25B0%25D1%2582%25D0%25B8%25D1%2586%25D0%25B0_%25D1%2581%25D1%2580%25D0%25BF%25D1%2581%25D0%25BA%25D0%25B0%3Ffbclid%3DIwAR2XDNF5Zxj83z5AIRFvtPJKfuQUw1ubNaXmnNXWHZOw-_lWW6iyOmOiFIE&amp;h=AT2fjbh8aimN30HNi5ffSvd5PvkrukpoKsEuebKuj6jLuTeveCDY608tl-4jhaanmlJ7FMvKPUUhoZCGeQVwzLbOxOgH_IB_2egX4W1E1MHyeyfdXiFmc5KNYgV7U1OkBFk\" target=\"_blank\" rel=\"noreferrer noopener\">Matice srpske<\/a>.<br><em>Za vi\u0161e informacija pro\u010ditajte \u010dlanak na srpskoj vikipediji <\/em><a href=\"https:\/\/l.facebook.com\/l.php?u=https%3A%2F%2Fsr.wikipedia.org%2Fsr-el%2F%25D0%259F%25D1%2580%25D0%25B0%25D0%25B2%25D0%25BE%25D0%25BF%25D0%25B8%25D1%2581%25D0%25BD%25D0%25B0_%25D1%2582%25D1%2580%25D0%25B0%25D0%25BD%25D1%2581%25D0%25BA%25D1%2580%25D0%25B8%25D0%25BF%25D1%2586%25D0%25B8%25D1%2598%25D0%25B0%3Ffbclid%3DIwAR1T6WGhqOjHbq3jPwslph4sAJ0c90vCi5zM4f1sNFiSglYBYFGE17K1HHI&amp;h=AT0PjfrQWk5azdkFrhMDQpOwp6yCBj1z283bY6TZHjxSCGoGv5o7QBS2-VHQJ6XkUgN1jE2EDIYGNYh89fENNNjk0n7msrwQgSG5xuHt2tYj-FvuxLUIcOvPUOXeN6-Cn9M\" target=\"_blank\" rel=\"noreferrer noopener\"><em>Pravopisna transkripcija<\/em><\/a><em>.<\/em>Transkripcija imena iz \u010de\u0161kog u srpski jezik ve\u0107inom je jednostavna i ujedna\u010dena. Fonetski sistem <a href=\"https:\/\/l.facebook.com\/l.php?u=https%3A%2F%2Fsr.wikipedia.org%2Fwiki%2F%25D0%25A7%25D0%25B5%25D1%2588%25D0%25BA%25D0%25B8_%25D1%2598%25D0%25B5%25D0%25B7%25D0%25B8%25D0%25BA%3Ffbclid%3DIwAR1O4uOjpHpe4jFmOU6TgTbr0dQschkhEDSZO3Fl8dehldp9uxR9am9qAQQ&amp;h=AT3wdxE1ZIeVvdmQgUjURl7qF1jlULXd5_ExPl-Fv0kPPdolXC7AxM91N7la6Z1DqsmR3xxkQJhfCmVb1Lej-BwivSz7M6uEmZsge-HXo9ktaJGlJYDUldPm2FTP_VkPngg\" target=\"_blank\" rel=\"noreferrer noopener\">\u010de\u0161kog jezika<\/a> veoma je sli\u010dan srpskom, tako da se nije pojavilo vi\u0161e otvorenih problema, ali ipak ima grafija za \u010diju je ispravnu transkripciju potrebno i bli\u017ee poznavanje pravopisa i fonetike ovog slovenskog jezika. Osobenosti<br>1) -ice: Prva osobenost je obli\u010dke (morfolo\u0161ke) prirode: mnoga \u010de\u0161ka imena \u017eenskog roda imaju pregla\u0161en zavr\u0161etak <em>e<\/em> (kao srpsko <em>a<\/em>), \u0161to se posebno odnosi na toponime i u njima vrlo \u010dest sufiks <em>-ice<\/em> (kao srpsko <em>-ica<\/em>). Su\u0161tinsko je pitanje da li takve nazive prenositi doslovno, \u010dime prelaze u srpsku gramati\u010dku mno\u017einu, ili prilagoditi doma\u0107oj gramatici. Kako se ne bi \u017ertvovala gramati\u010dka autenti\u010dnost, a i zbog \u010de\u0161kog prideva pred ovim imenima, koji je \u017eenskog roda, ipak se treba odlu\u010diti sa prilago\u0111enu transkripciju.<br>Otuda je pravilno <a href=\"https:\/\/l.facebook.com\/l.php?u=https%3A%2F%2Fsr.wikipedia.org%2Fwiki%2F%25D0%259D%25D0%25BE%25D0%25B2%25D0%25B0_%25D0%2591%25D0%25B8%25D1%2581%25D1%2582%25D1%2580%25D0%25B8%25D1%2586%25D0%25B0_%2528%25D0%25A7%25D0%25B5%25D1%2588%25D0%25BA%25D0%25B0%2529%3Ffbclid%3DIwAR1IKcg6CYaIYxxRUcuFHpd9U58OyzTvxDpQ2fUxM0623f7zjkQwZi4FwAk&amp;h=AT1yY8G7zCJGqflf6JOAlTJkubGW_qe6EyEnt4zPxz6lkmqkSFxjeaQsFRkOIKw9UNCt_2tDxqG30C_kCY2xsLHHVXrbwXBz8egbRIhg6CMY61fK2nkRrn-4A9GP1Qbi0xY\" target=\"_blank\" rel=\"noreferrer noopener\">Nova Bistrica<\/a> (<em>Nov\u00e1 Byst\u0159ice<\/em>), \u010ceska ili <a href=\"https:\/\/l.facebook.com\/l.php?u=https%3A%2F%2Fsr.wikipedia.org%2Fwiki%2F%25D0%25A7%25D0%25B5%25D1%2588%25D0%25BA%25D0%25B0_%25D0%259A%25D0%25B0%25D0%25BC%25D0%25B5%25D1%259A%25D0%25B8%25D1%2586%25D0%25B0%3Ffbclid%3DIwAR3eN_6HhsDND7Tt8IFYvqw6EBPQN7Uhuoo_1T1FsSk40eNdWBSqa7GwT6M&amp;h=AT31P_4qLbi8trBpsMgmPwh8iVUsv-vkRyQZt6soXqscejSNgi0xeIYfo2ajunLi4QF-68Cq5nRAU3aXAuY67tr8CAJM9GZD-RuLUjLmcOfNIo9kYiurDxhOto4uIhdNUFU\" target=\"_blank\" rel=\"noreferrer noopener\">\u010ce\u0161ka Kamenjica<\/a> (<em>\u010cesk\u00e1 Kamenice<\/em>), <a href=\"https:\/\/l.facebook.com\/l.php?u=https%3A%2F%2Fsr.wikipedia.org%2Fwiki%2F%25D0%25A7%25D0%25B5%25D1%2580%25D0%25B2%25D0%25B5%25D0%25BD%25D0%25B0_%25D0%25A0%25D0%25B5%25D1%2587%25D0%25B8%25D1%2586%25D0%25B0%3Ffbclid%3DIwAR2vtCazcv4PlyC1OraFgTe1UgeDAPCI3mz2lVuhnGrM2yJh_hhvx0wQXPc&amp;h=AT2RkBPk9cbISI6BlvHVjXgcBg020_G7RnUtJOvnmWNOzW_PRXhzVddwTH88Rq1LgM0gYfEuNPyNzv_uyda__UgJ4e6MIPhTiCRTzHkbdgVLRXDZgbLA7jZESGFBg2S0ymo\" target=\"_blank\" rel=\"noreferrer noopener\">\u010cervena Re\u010dica<\/a> (<em>\u010cerven\u00e1 \u0158e\u010dice<\/em>). Me\u0111utim, ukoliko je ime u samom \u010de\u0161kom u mno\u017eini, kao takvo se i prenosi. Stoga naspram toponima Kamenjica, kao gramati\u010dka suprotnost, postoje \u010ceske ili <a href=\"https:\/\/l.facebook.com\/l.php?u=https%3A%2F%2Fsr.wikipedia.org%2Fwiki%2F%25D0%25A7%25D0%25B5%25D1%2588%25D0%25BA%25D0%25B5_%25D0%2591%25D1%2583%25D0%25B4%25D1%2598%25D0%25B5%25D1%2598%25D0%25BE%25D0%25B2%25D0%25B8%25D1%2586%25D0%25B5%3Ffbclid%3DIwAR1rOK-F6HVkkD0jvuABedEfo81EN5TjGDH-9-1yfX2vCJI5XDtxAErHfGA&amp;h=AT1G77e66SwImnNbc-sU12FJybN-hHGArTEyv2CltiAOqJtn2NMq9bTLhJFg7mgK0AvGdoBmbiDvh-3em1bqsfr-20WUIN1s7JBUaWC5EC9tTz8TUgVpRevnP2ehP8EUE40\" target=\"_blank\" rel=\"noreferrer noopener\">\u010ce\u0161ke Budjejovice<\/a> (<em>\u010cesk\u00e9 Bud\u011bjovice<\/em>). 2) \u0159: Mada problema u vokalizmu i nema, u konsonantizmu ozbiljne te\u0161ko\u0107e zadaje preno\u0161enje \u010de\u0161kog refleksa starog mekog <em>r<\/em>. \u010ce\u0161ki je u ovom u izvesnom smislu na sredini izme\u0111u <a href=\"https:\/\/sr.wikipedia.org\/wiki\/%D0%9F%D0%BE%D1%99%D1%81%D0%BA%D0%B8_%D1%98%D0%B5%D0%B7%D0%B8%D0%BA?fbclid=IwAR2L-z9GHtvDNU4-T1rqp5ofrb2d1FCkNzHEdALXi7t9DXotS3nPAm5f-Ns\" target=\"_blank\" rel=\"noreferrer noopener\">poljskog<\/a>, gde se staro meko <em>r<\/em> izjedna\u010dilo sa <em>\u017e<\/em> (poziciono i sa <em>\u0161<\/em>), i <a href=\"https:\/\/l.facebook.com\/l.php?u=https%3A%2F%2Fsr.wikipedia.org%2Fwiki%2F%25D0%25A1%25D0%25BB%25D0%25BE%25D0%25B2%25D0%25B0%25D1%2587%25D0%25BA%25D0%25B8_%25D1%2598%25D0%25B5%25D0%25B7%25D0%25B8%25D0%25BA%3Ffbclid%3DIwAR2e3fxFfRqFup8BxSz2V8lf-wLnfQ96eopPtwpiAzO3G5IKZpbziVKQ270&amp;h=AT2S9oh85guxEA6VJ8U9mW-SGCW3X3h-tplLowEwjw5z87XFqIKNTBhPTPHrbplx1olGJyKlahx9rF1vVrfOerK0iERaRLAhkVGRA0p5Kayf9Uv-c6P0i4IocZ1GA4EnAGw\" target=\"_blank\" rel=\"noreferrer noopener\">slova\u010dkog<\/a>, gde se <em>r<\/em> \u010duva. Naime, u \u010de\u0161kom je ovde specifi\u010dni suglasnik slo\u017eenog izgovora, u kojem ima elemenata i <em>r<\/em> i <em>\u017e<\/em> (odnosno <em>\u0161<\/em> u poziciji obezvu\u010denja). Problem je utoliko te\u017ei \u0161to je ovo vrlo \u010dest suglasnik u \u010de\u0161kim imenima. Ranija norma nalagala je prilago\u0111avanje <em>\u0159<\/em> srpskim <em>\u017e<\/em> iza zvu\u010dnih, <em>\u0161<\/em> iza bezvu\u010dnih suglasnika, a u ostalim slu\u010dajevima kao <em>r\u017e<\/em>. Me\u0111utim, u praksi nije postignuto ujedna\u010deno pisanje.<\/p>\n\n\n\n<p>Tako su se u pojedinim relevantnih izdanjima (atlasi, enciklopedije) na\u0161le transkripcije poput <em>Br\u017eeclav, Ohra, Tr\u017eebi\u010d, Tr\u017eebova<\/em> (<a href=\"https:\/\/l.facebook.com\/l.php?u=https%3A%2F%2Fsr.wikipedia.org%2Fwiki%2F%25D0%259C%25D0%25B0%25D0%25BB%25D0%25B0_%25D0%25B5%25D0%25BD%25D1%2586%25D0%25B8%25D0%25BA%25D0%25BB%25D0%25BE%25D0%25BF%25D0%25B5%25D0%25B4%25D0%25B8%25D1%2598%25D0%25B0_%25D0%259F%25D1%2580%25D0%25BE%25D1%2581%25D0%25B2%25D0%25B5%25D1%2582%25D0%25B0%3Ffbclid%3DIwAR2PdTpYNGUr2iwKzExlbChBXpDEYXVG-WGNb7EZbubUGCSHhHMQ4YTPfQE&amp;h=AT3O3xb7GXErfTaqUSapdiys-wsPRL34VICbSbtgPyuD8fB9B98TztdMD75y1Zxxpyq3j0R1IWZauuFfESIpsdmk4LA9wRCCgPmv493qEN8AQ6EdfpIIMnLp0U-OU9OyWBU\" target=\"_blank\" rel=\"noreferrer noopener\">Mala enciklopedija Prosveta<\/a>), a s druge strane i <em>B\u0161eclav, Ohr\u0161a, Tr\u0161ebi\u010d, Tr\u0161ebova<\/em> (Veliki atlas sveta). Svakako nisu prihvatljive transkripcije tipa <em>B\u0161eclav<\/em> niti <em>Br\u017eeclav<\/em> umesto <em>B\u017eeclav<\/em>, prema staroj normi. Me\u0111utim, gledaju\u0107i iz dana\u0161njeg ugla, stvarno pitanje je da li je pogodniji lik <em>B\u017eeclav<\/em>, kojim se \u017ertvuje i strukturalna prozirnost i naslon na pismo, ili pak sasvim novi lik <em>Breclav<\/em>, kojim se zanemaruje strujna sastavnica \u010de\u0161kog <em>\u0159<\/em>. Ipak \u0107e najpogodnije biti <a href=\"https:\/\/l.facebook.com\/l.php?u=https%3A%2F%2Fsr.wikipedia.org%2Fwiki%2F%25D0%2591%25D1%2580%25D0%25B5%25D1%2586%25D0%25BB%25D0%25B0%25D0%25B2%3Ffbclid%3DIwAR3-UIvYaCEF9Oz2wjk3CwjC4JbKBA-XetNCWv7jNAz6iOEh3PHEIfpIGtA&amp;h=AT3MSOd6l2-L_xbx9z4MLy05Wg07RHSBkf_iXeIv50hwNoixgD89joPTKj7xp2YEmoOJ-CWNmP3j4udnIGsoTOCZTwfIv-tQ9dLXXLExrr17NrEosPXWf2AvqojsOfKlJnc\" target=\"_blank\" rel=\"noreferrer noopener\">Breclav<\/a>, <a href=\"https:\/\/l.facebook.com\/l.php?u=https%3A%2F%2Fsr.wikipedia.org%2Fw%2Findex.php%3Ftitle%3D%25D0%259E%25D1%2585%25D1%2580%25D0%25B0%26action%3Dedit%26redlink%3D1%26fbclid%3DIwAR07dYDnZh-BVZq_Qaap2avZif-ai49NjIQ2g_sJLSR40_J1SVJpRdUz-UE&amp;h=AT35bDQkg-eCZjkjW8h09LDsxf822f2wpmCIOeyDIN3YbBWjhAJBb32Qq5IZkTDcPzS0lVNjtrNSUP_WmBoem7ffxyyrArDv7__ODIeP7srwYOTC5MFaWTpolqsAJq8QUbw\" target=\"_blank\" rel=\"noreferrer noopener\">Ohra<\/a>, <a href=\"https:\/\/l.facebook.com\/l.php?u=https%3A%2F%2Fsr.wikipedia.org%2Fwiki%2F%25D0%25A2%25D1%2580%25D0%25B5%25D0%25B1%25D0%25B8%25D1%2587%3Ffbclid%3DIwAR1nvW82k4on2EFWe1_c1KJvnj3hSVh07BcjOskG0u20NqD2KL_LIX6i44g&amp;h=AT2U5UC9jLWO-aW8Y2lKMZFW330zqzNB3ghCf-kTom3tDV_KC5D2e0-mf9YFAOhTFoRl05gHKR9e7ilBTafTm59yf0Oj97YYuuwIm04_pCDhPmf0vvSQMkFL62UcnNz1UBI\" target=\"_blank\" rel=\"noreferrer noopener\">Trebi\u010d<\/a>, <a href=\"https:\/\/l.facebook.com\/l.php?u=https%3A%2F%2Fsr.wikipedia.org%2Fwiki%2F%25D0%25A7%25D0%25B5%25D1%2588%25D0%25BA%25D0%25B0_%25D0%25A2%25D1%2580%25D0%25B5%25D0%25B1%25D0%25BE%25D0%25B2%25D0%25B0%3Ffbclid%3DIwAR34ON6Gw6XOOjpZWGiLwYvFK1cBtctMRnpKd_GZvdK_9WFaXZmkdyQGIAg&amp;h=AT07W2EPAtmsdcmkA6JqbRjT5I9s67LWBQJym0jWseBt2uDz1pchUaSuX0JBFVQdUK86O3i1sBUeWz8I7Rau-cHghT8V7ZjkFNFgGEIMt0DrEuDSfWtPLFx-JLBwZLsOOoI\" target=\"_blank\" rel=\"noreferrer noopener\">Trebova<\/a>. Dakle, \u010de\u0161ko <em>\u0159<\/em> treba na po\u010detku re\u010di i uz suglasnik prenositi kao <em>r<\/em>, a izme\u0111u vokala i na kraju re\u010di kao <em>r\u017e<\/em> (<a href=\"https:\/\/l.facebook.com\/l.php?u=https%3A%2F%2Fsr.wikipedia.org%2Fw%2Findex.php%3Ftitle%3D%25D0%2588%25D0%25B0%25D0%25B2%25D0%25BE%25D1%2580%25D0%25B6%25D0%25B8%25D1%2586%25D0%25B0%26action%3Dedit%26redlink%3D1%26fbclid%3DIwAR2_M3m5NlUsDI-dApxoneSfQCck7YG2guiSi3laKMT7ueHfYaEBOqRt__M&amp;h=AT3zdKzur1uvl5X93AQTIKCqUc5UnIS_QZT40KjQOli6h5uxincaubYkWnf0Dd2X1U7pXtoCQUEOSKfqu1Camy0HjELp6XkG4G9-oz15a0fUdNzir9QwmsGQc-FghzVuUh8\" target=\"_blank\" rel=\"noreferrer noopener\">Javor\u017eica<\/a>, <a href=\"https:\/\/l.facebook.com\/l.php?u=https%3A%2F%2Fsr.wikipedia.org%2Fwiki%2F%25D0%2588%25D0%25B0%25D1%2580%25D0%25BE%25D0%25BC%25D1%2598%25D0%25B5%25D1%2580%25D0%25B6%3Ffbclid%3DIwAR0F4LARZ65CaAkeZTrvFyLTnbRznxI8w40mdXAHJL8FWQi9V2sTyTCSIN4&amp;h=AT0-t8AQ9SuJrHyKD_JNC4BFV5x39BrUVdyE9mVzMiJrSY_bjdp7BOtd1Y6csW-0bpw9enLXjrX7cdFJS-bF4HuzxHrdEuqNzUcjqjxsdYQmPnvnQQjAXsS7HrM9f5ipD28\" target=\"_blank\" rel=\"noreferrer noopener\">Jaromjer\u017e<\/a>). Prenos pojedinih grafema:<br>CH, H \u2014&gt; h (\u010de\u0161. Proch\u00e1zka, Hradec \u2014 <em>Prohaska, Hradec<\/em>)<br>\u010e, \u010f \u2014&gt; ispred samoglasnika d, <em>ina\u010de<\/em>: dj (\u010de\u0161. \u010e\u00e1blice, Mokra\u010f \u2014 <em>Djablice<\/em>, ali krajnje <em>Mokrad<\/em>)<br>[D\u011a \u2014&gt; dje (\u010de\u0161. Bud\u011bjovice, Bozd\u011bc \u2014 <em>Budjejovice, Bozdjec<\/em>)]<br>ali: DI \u2014&gt; di (\u010de\u0161. D\u011bdice, Ladislav \u2014 <em>Djedice, Ladislav<\/em>)]<br>\u011a \u2014&gt; je (\u010de\u0161. B\u011b\u0161iny, Bezv\u011brov \u2014 <em>Bje\u0161ini, Bezvjerov<\/em>)<br>\u0147, \u0148 \u2014&gt; nj (\u010de\u0161. Plze\u0148, Kada\u0148 \u2014 <em>Plzenj, Kadanj<\/em>)<br>[N\u011a \u2014&gt; nje (\u010de\u0161. Man\u011bt\u00edn, N\u011bmec \u2014 <em>Manjetin, Njemec<\/em>)]<br>[NI \u2014&gt; nji (\u010de\u0161. Rakovn\u00edk, Stroupe\u017enick\u00fd \u2014 <em>Rakovnjik, Stroupe\u017enjicki<\/em>)]<br>\u0158 (po\u010detno, uz suglasnik) \u2014&gt; r (\u010de\u0161. \u0158evnice, B\u0159eclav \u2014 <em>Revnjica, Breclav<\/em>)<br>\u0158 (krajnje, intervokalsko) \u2014&gt; r\u017e (\u010de\u0161. Jarom\u011b\u0159, Javo\u0159ice \u2014 <em>Jaromjer\u017e, Javor\u017eica<\/em>)<br>\u0164, \u0165 \u2014&gt; ispred samoglasnika tj, <em>ina\u010de<\/em>: t (\u010de\u0161. Ka\u0165a, Unho\u0161\u0165, Ho\u0161\u0165ka \u2014 <em>Katja<\/em>, ali krajnje <em>Unho\u0161t, Ho\u0161tka<\/em>)<br>T\u011a \u2014&gt; tje (\u010de\u0161. Vojt\u011bch, V\u00edt\u011bzslav \u2014 <em>Vojtjeh, Vitjeslav<\/em>)<br>\u0160T\u011a (sufiks) \u2014&gt; \u0161te (\u010de\u0161. Hradi\u0161t\u011b \u2014 <em>Hradi\u0161te<\/em>)<br>TI \u2014&gt; ti (\u010de\u0161. Tich\u00fd, Franti\u0161ek \u2014 <em>Tihi, Franti\u0161ek<\/em>)<br>\u016e \u2014&gt; u (\u010de\u0161. Lidov\u00fd d\u016fm, H\u016flov\u00e1 \u2014 <em>Lidovi dum, Hulova<\/em>)<br>Y \u2014&gt; i (\u010de\u0161. Kyselka, By\u0161\u0165 \u2014 <em>Kiselka, Bi\u0161t<\/em>)<br>Sve ostale grafeme prenose se onako kako su i zapisane, \u201eglas za glas\u201c.Razlike od slova\u010dkog jezika:<br>a) grafeme <em>ia<\/em>, <em>ie<\/em> u ne daju diftonge, ve\u0107 dvoslo\u017ene kombinacije (transkribovane kao <em>ija, ije<\/em>).<br>b) <em>l<\/em> nikada se ne prenosi kao <em>lj<\/em>. Treba paziti i na eventualne izuzetke nastale u ranijoj praksi, \u0161to prati op\u0161tu napomenu da pravila ne treba primenjivati strogo retroaktivno. <em>Za vi\u0161e informacija pro\u010ditajte \u010dlanak na srpskoj vikipediji <\/em><a href=\"https:\/\/l.facebook.com\/l.php?u=https%3A%2F%2Fsr.wikipedia.org%2Fwiki%2F%25D0%2592%25D0%25B8%25D0%25BA%25D0%25B8%25D0%25BF%25D0%25B5%25D0%25B4%25D0%25B8%25D1%2598%25D0%25B0%3A%25D0%25A2%25D1%2580%25D0%25B0%25D0%25BD%25D1%2581%25D0%25BA%25D1%2580%25D0%25B8%25D0%25BF%25D1%2586%25D0%25B8%25D1%2598%25D0%25B0_%25D1%2581%25D0%25B0_%25D1%2587%25D0%25B5%25D1%2588%25D0%25BA%25D0%25BE%25D0%25B3_%25D1%2598%25D0%25B5%25D0%25B7%25D0%25B8%25D0%25BA%25D0%25B0%3Ffbclid%3DIwAR3gykr4MW6Gso8qtbzClFpl3cx6ndYpSv5EYfws2zq_v1NrrDeJkkNmtcs&amp;h=AT3xbx5ZgPtIQgXilUNbXHEVv27VlPlYigbgTb_816voHq61NEGfHqvkBxzTuMLyooXOBrSMlItqfKvr7hhDBKUZpmL2S-cSbRxopd6zkUpz_rO2T9-aXlGFj01kwNyP4n0\" target=\"_blank\" rel=\"noreferrer noopener\"><em>Transkripcija sa \u010de\u0161kog<\/em><\/a><\/p>\n","protected":false},"excerpt":{"rendered":"<p>U pisanju tu\u0111ih vlastitih imena i izraza u standardnom srpskom jeziku primenjuju se dva postupka \u2014 prilago\u0111eno pisanje (primenjivo i u \u0107irilici i u latinici) i izvorno pisanje (primenjivo samo u latinici). Transkripcija (prilago\u0111eno pisanje) predstavlja preno\u0161enje pisanim simbolima zvukova iz jednog jezika u drugi . Promena sistema zapisa je &hellip;<\/p>\n","protected":false},"author":2,"featured_media":0,"parent":59,"menu_order":0,"comment_status":"closed","ping_status":"closed","template":"","meta":{"ngg_post_thumbnail":0,"footnotes":""},"class_list":["post-62","page","type-page","status-publish","hentry"],"_links":{"self":[{"href":"https:\/\/cbb.org.rs\/index.php?rest_route=\/wp\/v2\/pages\/62","targetHints":{"allow":["GET"]}}],"collection":[{"href":"https:\/\/cbb.org.rs\/index.php?rest_route=\/wp\/v2\/pages"}],"about":[{"href":"https:\/\/cbb.org.rs\/index.php?rest_route=\/wp\/v2\/types\/page"}],"author":[{"embeddable":true,"href":"https:\/\/cbb.org.rs\/index.php?rest_route=\/wp\/v2\/users\/2"}],"replies":[{"embeddable":true,"href":"https:\/\/cbb.org.rs\/index.php?rest_route=%2Fwp%2Fv2%2Fcomments&post=62"}],"version-history":[{"count":1,"href":"https:\/\/cbb.org.rs\/index.php?rest_route=\/wp\/v2\/pages\/62\/revisions"}],"predecessor-version":[{"id":64,"href":"https:\/\/cbb.org.rs\/index.php?rest_route=\/wp\/v2\/pages\/62\/revisions\/64"}],"up":[{"embeddable":true,"href":"https:\/\/cbb.org.rs\/index.php?rest_route=\/wp\/v2\/pages\/59"}],"wp:attachment":[{"href":"https:\/\/cbb.org.rs\/index.php?rest_route=%2Fwp%2Fv2%2Fmedia&parent=62"}],"curies":[{"name":"wp","href":"https:\/\/api.w.org\/{rel}","templated":true}]}}